{"id":645,"date":"2017-10-16T13:48:14","date_gmt":"2017-10-16T12:48:14","guid":{"rendered":"https:\/\/cvlclub.wordpress.com\/?page_id=645"},"modified":"2020-01-16T19:04:28","modified_gmt":"2020-01-16T18:04:28","slug":"location-du-barnum","status":"publish","type":"page","link":"https:\/\/cvl.ovh\/index.php\/infos-pratiques\/location-du-barnum\/","title":{"rendered":"Location du Barnum"},"content":{"rendered":"<p>Le barnum du club 6&#215;4 m peut \u00eatre lou\u00e9 par les membres du club<br \/>\nvoir <a href=\"http:\/\/cyclo-vtt-sainte-luce.ffct.org\/Convention%20%20pret%20barnum%202010.pdf\" target=\"_blank\" rel=\"noopener noreferrer\">ici<\/a> la convention de pr\u00eat de mat\u00e9riel<\/p>\n","protected":false},"excerpt":{"rendered":"<p>Le barnum du club 6&#215;4 m peut \u00eatre lou\u00e9 par les membres du club voir ici la convention de pr\u00eat de mat\u00e9riel<\/p>\n","protected":false},"author":1,"featured_media":0,"parent":354,"menu_order":0,"comment_status":"closed","ping_status":"closed","template":"","meta":{"_bbp_topic_count":0,"_bbp_reply_count":0,"_bbp_total_topic_count":0,"_bbp_total_reply_count":0,"_bbp_voice_count":0,"_bbp_anonymous_reply_count":0,"_bbp_topic_count_hidden":0,"_bbp_reply_count_hidden":0,"_bbp_forum_subforum_count":0,"footnotes":""},"class_list":["post-645","page","type-page","status-publish","hentry"],"_links":{"self":[{"href":"https:\/\/cvl.ovh\/index.php\/wp-json\/wp\/v2\/pages\/645","targetHints":{"allow":["GET"]}}],"collection":[{"href":"https:\/\/cvl.ovh\/index.php\/wp-json\/wp\/v2\/pages"}],"about":[{"href":"https:\/\/cvl.ovh\/index.php\/wp-json\/wp\/v2\/types\/page"}],"author":[{"embeddable":true,"href":"https:\/\/cvl.ovh\/index.php\/wp-json\/wp\/v2\/users\/1"}],"replies":[{"embeddable":true,"href":"https:\/\/cvl.ovh\/index.php\/wp-json\/wp\/v2\/comments?post=645"}],"version-history":[{"count":2,"href":"https:\/\/cvl.ovh\/index.php\/wp-json\/wp\/v2\/pages\/645\/revisions"}],"predecessor-version":[{"id":2014,"href":"https:\/\/cvl.ovh\/index.php\/wp-json\/wp\/v2\/pages\/645\/revisions\/2014"}],"up":[{"embeddable":true,"href":"https:\/\/cvl.ovh\/index.php\/wp-json\/wp\/v2\/pages\/354"}],"wp:attachment":[{"href":"https:\/\/cvl.ovh\/index.php\/wp-json\/wp\/v2\/media?parent=645"}],"curies":[{"name":"wp","href":"https:\/\/api.w.org\/{rel}","templated":true}]}}