{"id":409,"date":"2017-09-04T15:42:20","date_gmt":"2017-09-04T14:42:20","guid":{"rendered":"https:\/\/cvl2017.wordpress.com\/?page_id=409"},"modified":"2026-02-12T18:52:16","modified_gmt":"2026-02-12T17:52:16","slug":"liens-vtt","status":"publish","type":"page","link":"https:\/\/cvl.ovh\/index.php\/section-vtt\/liens-vtt\/","title":{"rendered":"liens VTT"},"content":{"rendered":"<p class=\"pageName\">SITES DES CLUBS<\/p>\n<table border=\"3\" width=\"1010\" cellspacing=\"0\" cellpadding=\"0\">\n<tbody>\n<tr>\n<td width=\"267\">\n<div class=\"Style13\" align=\"center\">\n<div align=\"left\">Les D\u00e9raill\u00e9s<\/div>\n<\/div>\n<\/td>\n<td width=\"206\">\n<div class=\"Style13\" align=\"center\">\n<div align=\"left\">Le May sur Evre &#8211; 49<\/div>\n<\/div>\n<\/td>\n<td width=\"525\">\n<div class=\"Style13\" align=\"center\">\n<div align=\"left\"><a href=\"http:\/\/www.lesderailles.com\/\" target=\"_blank\" rel=\"noopener\">http:\/\/www.lesderailles.com\/<\/a><\/div>\n<\/div>\n<\/td>\n<\/tr>\n<tr>\n<td>\n<div class=\"Style13\" align=\"center\">\n<div align=\"left\">La S\u00e9guini\u00e9re V\u00e9lo Sport<\/div>\n<\/div>\n<\/td>\n<td>\n<div class=\"Style13\" align=\"center\">\n<div align=\"left\">La S\u00e9guini\u00e9re &#8211; 49<\/div>\n<\/div>\n<\/td>\n<td>\n<div class=\"Style13\" align=\"center\">\n<div align=\"left\"><a href=\"http:\/\/clubsvs.free.fr\/\" target=\"_blank\" rel=\"noopener\">http:\/\/clubsvs.free.fr\/<\/a><\/div>\n<\/div>\n<\/td>\n<\/tr>\n<tr>\n<td>\n<div class=\"Style13\" align=\"center\">\n<div align=\"left\">VST &#8211; V\u00e9lo Sportif de Torfou<\/div>\n<\/div>\n<\/td>\n<td>\n<div class=\"Style13\" align=\"center\">\n<div align=\"left\">Torfou &#8211; 44<\/div>\n<\/div>\n<\/td>\n<td>\n<div class=\"Style13\" align=\"center\">\n<div align=\"left\"><a href=\"http:\/\/perso.orange.fr\/vstorfou\/index.html\" target=\"_blank\" rel=\"noopener\">http:\/\/perso.orange.fr\/vstorfou\/index.html<\/a><\/div>\n<\/div>\n<\/td>\n<\/tr>\n<tr>\n<td>\n<div class=\"Style13\" align=\"center\">\n<div align=\"left\">VTT Mingot Aventure<\/div>\n<\/div>\n<\/td>\n<td>\n<div class=\"Style13\" align=\"center\">\n<div align=\"left\">Cuguand &#8211; 85<\/div>\n<\/div>\n<\/td>\n<td>\n<div class=\"Style13\" align=\"center\">\n<div align=\"left\"><a href=\"http:\/\/vttma.chez-alice.fr\/\" target=\"_blank\" rel=\"noopener\">http:\/\/vttma.chez-alice.fr\/<\/a><\/div>\n<\/div>\n<\/td>\n<\/tr>\n<tr>\n<td>\n<div class=\"Style13\" align=\"center\">\n<div align=\"left\">V\u00e9lo Sport Clissonnais<\/div>\n<\/div>\n<\/td>\n<td>\n<div class=\"Style13\" align=\"center\">\n<div align=\"left\">Clisson &#8211; 44<\/div>\n<\/div>\n<\/td>\n<td>\n<div class=\"Style13\" align=\"center\">\n<div align=\"left\"><a href=\"http:\/\/www.clisson.com\/asso\/vsc\/\" target=\"_blank\" rel=\"noopener\">http:\/\/www.clisson.com\/asso\/vsc\/<\/a><\/div>\n<\/div>\n<\/td>\n<\/tr>\n<tr>\n<td>\n<div class=\"Style13\" align=\"center\">\n<div align=\"left\">Etoile Sportive de Haute Goulaine<\/div>\n<\/div>\n<\/td>\n<td>\n<div class=\"Style13\" align=\"center\">\n<div align=\"left\">Haute Goulaine &#8211; 44<\/div>\n<\/div>\n<\/td>\n<td>\n<div class=\"Style13\" align=\"center\">\n<div align=\"left\"><a href=\"http:\/\/eshgcyclovtt.free.fr\/index.html\" target=\"_blank\" rel=\"noopener\">http:\/\/eshgcyclovtt.free.fr\/index.html<\/a><\/div>\n<\/div>\n<\/td>\n<\/tr>\n<tr>\n<td>\n<div class=\"Style13\" align=\"center\">\n<div align=\"left\">V\u00e9lo Club de Gorges<\/div>\n<\/div>\n<\/td>\n<td>\n<div class=\"Style13\" align=\"center\">\n<div align=\"left\">Gorges &#8211; 44<\/div>\n<\/div>\n<\/td>\n<td>\n<div class=\"Style13\" align=\"center\">\n<div align=\"left\"><a href=\"http:\/\/vttcycloenvalledeclisson.blogspot.com\/\" target=\"_blank\" rel=\"noopener\">http:\/\/vttcycloenvalledeclisson.blogspot.com\/<\/a><\/div>\n<\/div>\n<\/td>\n<\/tr>\n<tr>\n<td>\n<div class=\"Style13\" align=\"center\">\n<div align=\"left\">VCM &#8211; V\u00e9lo Club de Montaigu<\/div>\n<\/div>\n<\/td>\n<td>\n<div class=\"Style13\" align=\"center\">\n<div align=\"left\">Montaigu &#8211; 85<\/div>\n<\/div>\n<\/td>\n<td>\n<div class=\"Style13\" align=\"center\">\n<div align=\"left\"><a href=\"http:\/\/veloclub.montaigu.free.fr\/\" target=\"_blank\" rel=\"noopener\">http:\/\/veloclub.montaigu.free.fr\/<\/a><\/div>\n<\/div>\n<\/td>\n<\/tr>\n<tr>\n<td>\n<div class=\"Style13\" align=\"center\">\n<div align=\"left\">V\u00e9lo Club Bruffi\u00e9rien<\/div>\n<\/div>\n<\/td>\n<td>\n<div class=\"Style13\" align=\"center\">\n<div align=\"left\">La Bruffi\u00e9re &#8211; 85<\/div>\n<\/div>\n<\/td>\n<td>\n<div class=\"Style13\" align=\"center\">\n<div align=\"left\"><a href=\"https:\/\/sites.google.com\/site\/velolabruff\/home\/bienvenue\" target=\"_blank\" rel=\"noopener\">https:\/\/sites.google.com\/site\/velolabruff\/home\/bienvenue<\/a><\/div>\n<\/div>\n<\/td>\n<\/tr>\n<tr>\n<td>\n<div class=\"Style13\" align=\"center\">\n<div align=\"left\">Club VTT Brivetain<\/div>\n<\/div>\n<\/td>\n<td>\n<div class=\"Style13\" align=\"center\">\n<div align=\"left\">St Anne sur Brivet &#8211; 44<\/div>\n<\/div>\n<\/td>\n<td>\n<div class=\"Style13\" align=\"center\">\n<div align=\"left\"><a href=\"http:\/\/www.vtt-brivetain.com\/\" target=\"_blank\" rel=\"noopener\">http:\/\/www.vtt-brivetain.com\/<\/a><\/div>\n<\/div>\n<\/td>\n<\/tr>\n<tr>\n<td>\n<div class=\"Style13\" align=\"center\">\n<div align=\"left\">Grand Lieu VTT<\/div>\n<\/div>\n<\/td>\n<td>\n<div class=\"Style13\" align=\"center\">\n<div align=\"left\">St Philbert de Grand Lieu &#8211; 44<\/div>\n<\/div>\n<\/td>\n<td>\n<div class=\"Style13\" align=\"center\">\n<div align=\"left\"><a href=\"http:\/\/glvtt.over-blog.com\/\" target=\"_blank\" rel=\"noopener\">http:\/\/glvtt.over-blog.com\/<\/a><\/div>\n<\/div>\n<\/td>\n<\/tr>\n<tr>\n<td>\n<div class=\"Style13\" align=\"center\">\n<div align=\"left\">VTT Nantais<\/div>\n<\/div>\n<\/td>\n<td>\n<div class=\"Style13\" align=\"center\">\n<div align=\"left\">Nantes &#8211; 44<\/div>\n<\/div>\n<\/td>\n<td>\n<div class=\"Style13\" align=\"center\">\n<div align=\"left\"><a href=\"http:\/\/www.vttnantais.fr\/\" target=\"_blank\" rel=\"noopener\">http:\/\/www.vttnantais.fr\/<\/a><\/div>\n<\/div>\n<\/td>\n<\/tr>\n<tr>\n<td>\n<div class=\"Style13\" align=\"center\">\n<div align=\"left\">Cyclo &#8211; VTT Savenay<\/div>\n<\/div>\n<\/td>\n<td>\n<div class=\"Style13\" align=\"center\">\n<div align=\"left\">Savenay &#8211; 44<\/div>\n<\/div>\n<\/td>\n<td>\n<div class=\"Style13\" align=\"center\">\n<div align=\"left\"><a href=\"http:\/\/cyclo-vtt-savenay.fr\/\" target=\"_blank\" rel=\"noopener\">http:\/\/cyclo-vtt-savenay.fr\/<\/a><\/div>\n<\/div>\n<\/td>\n<\/tr>\n<tr>\n<td>\n<div class=\"Style13\" align=\"center\">\n<div align=\"left\">RVC &#8211; La Roche sur Yon Vend\u00e9e Cyclisme<\/div>\n<\/div>\n<\/td>\n<td>\n<div class=\"Style13\" align=\"center\">\n<div align=\"left\">La Roche sur Yon &#8211; 85<\/div>\n<\/div>\n<\/td>\n<td>\n<div class=\"Style13\" align=\"center\">\n<div align=\"left\"><a href=\"http:\/\/vttyon.free.fr\/\" target=\"_blank\" rel=\"noopener\">http:\/\/vttyon.free.fr\/<\/a><\/div>\n<\/div>\n<\/td>\n<\/tr>\n<tr>\n<td>\n<div class=\"Style13\" align=\"center\">\n<div align=\"left\">V\u00e9lo Loisir De l&rsquo;Etang<\/div>\n<\/div>\n<\/td>\n<td>\n<div class=\"Style13\" align=\"center\">\n<div align=\"left\">G\u00e9tign\u00e9 &#8211; 44<\/div>\n<\/div>\n<\/td>\n<td>\n<div class=\"Style13\" align=\"center\">\n<div align=\"left\"><a href=\"http:\/\/pagesperso-orange.fr\/VLDE\/\" target=\"_blank\" rel=\"noopener\">http:\/\/pagesperso-orange.fr\/VLDE\/<\/a><\/div>\n<\/div>\n<\/td>\n<\/tr>\n<tr>\n<td>\n<div class=\"Style13\" align=\"center\">\n<div align=\"left\">Club VTT Les Galibots<\/div>\n<\/div>\n<\/td>\n<td>\n<div class=\"Style13\" align=\"center\">\n<div align=\"left\">Noyelles s\/Lens &#8211; 62<\/div>\n<\/div>\n<\/td>\n<td>\n<div class=\"Style13\" align=\"center\">\n<div align=\"left\"><a href=\"http:\/\/vttistes62.over-blog.com\/article-6044261.html\" target=\"_blank\" rel=\"noopener\">http:\/\/vttistes62.over-blog.com\/article-6044261.html<\/a><\/div>\n<\/div>\n<\/td>\n<\/tr>\n<tr>\n<td height=\"41\">\n<div class=\"Style13\" align=\"center\">\n<div align=\"left\">VTT Ch\u00e2teau Th\u00e9baud<\/div>\n<\/div>\n<\/td>\n<td>\n<div class=\"Style13\" align=\"center\">\n<div align=\"left\">Ch\u00e2teau Th\u00e9baud &#8211; 44<\/div>\n<\/div>\n<\/td>\n<td>\n<div class=\"Style13\" align=\"center\">\n<div align=\"left\"><u><a href=\"http:\/\/rando-la-sevre-et-maine.over-blog.fr\" target=\"_blank\" rel=\"noopener\">http:\/\/rando-la-sevre-et-maine.over-blog.fr<\/a><\/u><\/div>\n<\/div>\n<\/td>\n<\/tr>\n<tr>\n<td class=\"Style13\" height=\"31\">\n<div align=\"left\">club VTT au Plessis-Mac\u00e9<\/div>\n<\/td>\n<td class=\"Style13\">\n<div align=\"left\">Plessis-Mac\u00e9 &#8211; 49<\/div>\n<\/td>\n<td>\n<div align=\"left\"><a class=\"Style13\" href=\"http:\/\/gadoo-bike.fr\/\">http:\/\/www.gadoobike.fr<\/a><\/div>\n<\/td>\n<\/tr>\n<\/tbody>\n<\/table>\n","protected":false},"excerpt":{"rendered":"<p>SITES DES CLUBS Les D\u00e9raill\u00e9s Le May sur Evre &#8211; 49 http:\/\/www.lesderailles.com\/ La S\u00e9guini\u00e9re V\u00e9lo Sport La S\u00e9guini\u00e9re &#8211; 49 http:\/\/clubsvs.free.fr\/ VST &#8211; V\u00e9lo Sportif de Torfou Torfou &#8211; 44 http:\/\/perso.orange.fr\/vstorfou\/index.html VTT Mingot Aventure Cuguand &#8211; 85 http:\/\/vttma.chez-alice.fr\/ V\u00e9lo Sport Clissonnais Clisson &#8211; 44 http:\/\/www.clisson.com\/asso\/vsc\/ Etoile Sportive de Haute Goulaine Haute Goulaine &#8211; 44 http:\/\/eshgcyclovtt.free.fr\/index.html &hellip; <a href=\"https:\/\/cvl.ovh\/index.php\/section-vtt\/liens-vtt\/\" class=\"more-link\">Continuer de lire <span class=\"screen-reader-text\">liens VTT<\/span><\/a><\/p>\n","protected":false},"author":1,"featured_media":0,"parent":370,"menu_order":0,"comment_status":"closed","ping_status":"closed","template":"","meta":{"_bbp_topic_count":0,"_bbp_reply_count":0,"_bbp_total_topic_count":0,"_bbp_total_reply_count":0,"_bbp_voice_count":0,"_bbp_anonymous_reply_count":0,"_bbp_topic_count_hidden":0,"_bbp_reply_count_hidden":0,"_bbp_forum_subforum_count":0,"footnotes":""},"class_list":["post-409","page","type-page","status-publish","hentry"],"_links":{"self":[{"href":"https:\/\/cvl.ovh\/index.php\/wp-json\/wp\/v2\/pages\/409","targetHints":{"allow":["GET"]}}],"collection":[{"href":"https:\/\/cvl.ovh\/index.php\/wp-json\/wp\/v2\/pages"}],"about":[{"href":"https:\/\/cvl.ovh\/index.php\/wp-json\/wp\/v2\/types\/page"}],"author":[{"embeddable":true,"href":"https:\/\/cvl.ovh\/index.php\/wp-json\/wp\/v2\/users\/1"}],"replies":[{"embeddable":true,"href":"https:\/\/cvl.ovh\/index.php\/wp-json\/wp\/v2\/comments?post=409"}],"version-history":[{"count":2,"href":"https:\/\/cvl.ovh\/index.php\/wp-json\/wp\/v2\/pages\/409\/revisions"}],"predecessor-version":[{"id":3918,"href":"https:\/\/cvl.ovh\/index.php\/wp-json\/wp\/v2\/pages\/409\/revisions\/3918"}],"up":[{"embeddable":true,"href":"https:\/\/cvl.ovh\/index.php\/wp-json\/wp\/v2\/pages\/370"}],"wp:attachment":[{"href":"https:\/\/cvl.ovh\/index.php\/wp-json\/wp\/v2\/media?parent=409"}],"curies":[{"name":"wp","href":"https:\/\/api.w.org\/{rel}","templated":true}]}}