{"id":3925,"date":"2026-02-16T16:10:08","date_gmt":"2026-02-16T15:10:08","guid":{"rendered":"https:\/\/cvl.ovh\/?page_id=3925"},"modified":"2026-02-17T18:11:31","modified_gmt":"2026-02-17T17:11:31","slug":"calendrier-des-sorties-vtt-2026","status":"publish","type":"page","link":"https:\/\/cvl.ovh\/index.php\/calendrier-des-sorties-vtt-2026\/","title":{"rendered":"Calendrier des sorties VTT 2026"},"content":{"rendered":"\n<a href=\"https:\/\/cvl.ovh\/wp-content\/uploads\/2026\/02\/Calendrier-des-sorties-VTT-2026-1.pdf\" target=\"_blank\"> <img decoding=\"async\" src=\"https:\/\/cvl.ovh\/wp-content\/uploads\/2026\/02\/PDF.jpg\" width=\"16\" alt=\"(s'ouvre dans un nouvel onglet)\" \/> T\u00e9l\u00e9charger le calendrier 2026<\/a> \n\n\n\n<table id=\"tablepress-10\" class=\"tablepress tablepress-id-10 tbody-has-connected-cells\">\n<tbody class=\"row-striping row-hover\">\n<tr class=\"row-1\">\n\t<td class=\"column-1\"><\/td><td class=\"column-2\"><\/td><td class=\"column-3\"><\/td><td class=\"column-4\"><\/td>\n<\/tr>\n<tr class=\"row-2\">\n\t<td class=\"column-1\"><H4>Dimanche 1er mars<\/H4><\/td><td class=\"column-2\"><strong>Bain sur Oust &#8211; 35<\/strong><br\/><small>distance : 92 km, 1h15mn<\/small><\/td><td class=\"column-3\"><a href=\"https:\/\/www.nafix.fr\/sortie\/fiche-rando-nomino-90795-1.html\">La Nomino\u00eb<\/a><\/td><td rowspan=\"2\" class=\"column-4\"><a href=\"https:\/\/cvl.ovh\/wp-content\/uploads\/2026\/02\/2026_VTT_La-Nominoe-218x300.jpg\" target=\"_blank\"><img loading=\"lazy\" decoding=\"async\" src=\"https:\/\/cvl.ovh\/wp-content\/uploads\/2026\/02\/2026_VTT_La-Nominoe-218x300.jpg\" alt=\"\" width=\"80\" height=\"160\" \/><\/a><\/td>\n<\/tr>\n<tr class=\"row-3\">\n\t<td colspan=\"3\" class=\"column-1\">VTT : 25\/30\/35\/45 km<br\/>Rendez-vous salle polyvalente. Inscription : 5 \u20ac<\/td>\n<\/tr>\n<tr class=\"row-4\">\n\t<td class=\"column-1\"><H4>Dimanche 8 mars<\/H4><\/td><td class=\"column-2\"><strong>Gorges &#8211; 44<\/strong><br \/>\n<small>distance : 27 km, 30mn<\/small><\/td><td class=\"column-3\"><a href=\"https:\/\/www.nafix.fr\/sortie\/fiche-randonnee-inter-licencies-89644-1.html\">Rando inter-licenci\u00e9s<\/a><\/td><td rowspan=\"2\" class=\"column-4\"><a href=\"https:\/\/cvl.ovh\/wp-content\/uploads\/2026\/02\/2026_VTT_Gorges.png\" target=\"_blank\"><img loading=\"lazy\" decoding=\"async\" src=\"https:\/\/cvl.ovh\/wp-content\/uploads\/2026\/02\/2026_VTT_Gorges.png\" alt=\"\" width=\"80\" height=\"160\" class=\"alignnone size-full wp-image-3975\" \/><\/a><\/td>\n<\/tr>\n<tr class=\"row-5\">\n\t<td colspan=\"3\" class=\"column-1\">VTT : 35 kms<br\/>Rendez-vous \u00e0 c\u00f4t\u00e9 de l&rsquo;espace Agora<\/td>\n<\/tr>\n<tr class=\"row-6\">\n\t<td class=\"column-1\"><H4>Dimanche 15 mars<\/H4><\/td><td class=\"column-2\"><strong>St Jean de la Poterie &#8211; 56<\/strong><br \/>\n<small>distance : 92 km, 1h30mn<\/small><\/td><td class=\"column-3\"><a href=\"https:\/\/www.nafix.fr\/sortie\/fiche-47eme-rando-des-jonquilles-90894-1.html\">Randonn\u00e9e des jonquilles<\/a><\/td><td rowspan=\"2\" class=\"column-4\"><a href=\"https:\/\/cvl.ovh\/wp-content\/uploads\/2026\/02\/2026_VTT_-Saint-Jean-de-la-Poterie-209x300.jpg\" target=\"_blank\"><img loading=\"lazy\" decoding=\"async\" src=\"https:\/\/cvl.ovh\/wp-content\/uploads\/2026\/02\/2026_VTT_-Saint-Jean-de-la-Poterie-209x300.jpg\" alt=\"\" width=\"80\" height=\"160\" class=\"alignnone size-medium wp-image-3927\" \/><\/a><\/td>\n<\/tr>\n<tr class=\"row-7\">\n\t<td colspan=\"3\" class=\"column-1\">VTT : 16\/26\/33\/44\/52 km. Inscription : 6\u20ac<\/td>\n<\/tr>\n<tr class=\"row-8\">\n\t<td class=\"column-1\"><H4>Dimanche 22 mars<\/H4><\/td><td class=\"column-2\"><strong>Bouguenais &#8211; 44<\/strong><br \/>\n<small>distance : 22 km, 30mn<\/small><\/td><td class=\"column-3\"><a href=\"https:\/\/www.nafix.fr\/sortie\/fiche-bekana-boug-la-30-me-89818-1.html\">Bekana&rsquo;boug<\/a><\/td><td rowspan=\"2\" class=\"column-4\"><a href=\"https:\/\/cvl.ovh\/wp-content\/uploads\/2026\/02\/2026_VTT_-Bouguenais-200x300.jpg\" target=\"_blank\"><img loading=\"lazy\" decoding=\"async\" src=\"https:\/\/cvl.ovh\/wp-content\/uploads\/2026\/02\/2026_VTT_-Bouguenais-200x300.jpg\" alt=\"\" width=\"80\" height=\"160\" class=\"alignnone size-medium wp-image-3984\" \/><\/a><\/td>\n<\/tr>\n<tr class=\"row-9\">\n\t<td colspan=\"3\" class=\"column-1\">VTT : 18\/35\/50 kms.<br\/>Inscription : 5\u20ac (licenci\u00e9)<\/td>\n<\/tr>\n<tr class=\"row-10\">\n\t<td class=\"column-1\"><H4>Samedi 28 mars<\/H4><\/td><td class=\"column-2\"><strong>Vall\u00e9e du sens (rando club)<\/strong><\/td><td class=\"column-3\"><br\/><\/td><td rowspan=\"2\" class=\"column-4\"><a href=\"https:\/\/cvl.ovh\/wp-content\/uploads\/2017\/09\/maillot20vtt201-300x142.gif\" target=\"_blank\"><img loading=\"lazy\" decoding=\"async\" src=\"https:\/\/cvl.ovh\/wp-content\/uploads\/2017\/09\/maillot20vtt201-300x142.gif\" alt=\"\" width=\"80\" height=\"160\" class=\"alignnone size-medium wp-image-433\" \/><\/a><\/td>\n<\/tr>\n<tr class=\"row-11\">\n\t<td colspan=\"3\" class=\"column-1\">Accompagnement des cyclos sur un parcours de 30 \u00e0 40 km en mode cool<br\/>Rdv \u00e0 8h30 au club<\/td>\n<\/tr>\n<tr class=\"row-12\">\n\t<td class=\"column-1\"><H4>Dimanche 29 mars<\/H4><\/td><td class=\"column-2\"><strong>Ancenis &#8211; Oudon (rando club)<\/strong><\/td><td class=\"column-3\"><br\/><\/td><td rowspan=\"2\" class=\"column-4\"><a href=\"https:\/\/cvl.ovh\/wp-content\/uploads\/2017\/09\/maillot20vtt201-300x142.gif\" target=\"_blank\"><img loading=\"lazy\" decoding=\"async\" src=\"https:\/\/cvl.ovh\/wp-content\/uploads\/2017\/09\/maillot20vtt201-300x142.gif\" alt=\"\" width=\"80\" height=\"160\" class=\"alignnone size-medium wp-image-433\" \/><\/a><\/td>\n<\/tr>\n<tr class=\"row-13\">\n\t<td colspan=\"3\" class=\"column-1\">Circuit men\u00e9 sous la haute autorit\u00e9 de Thierry<\/td>\n<\/tr>\n<tr class=\"row-14\">\n\t<td class=\"column-1\"><H4>Dimanche 5 avril<\/H4><\/td><td class=\"column-2\"><strong>Malville &#8211; 44<\/strong><br\/><small>distance : 42 km, 35mn<\/small><\/td><td class=\"column-3\"><a href=\"https:\/\/www.nafix.fr\/sortie\/fiche-la-malvilloise-2026-91175-1.html\">La Malvilloise<\/a><\/td><td rowspan=\"2\" class=\"column-4\"><a href=\"https:\/\/cvl.ovh\/wp-content\/uploads\/2026\/02\/2026_VTT_-Malville-212x300.jpg\" target=\"_blank\"><img loading=\"lazy\" decoding=\"async\" src=\"https:\/\/cvl.ovh\/wp-content\/uploads\/2026\/02\/2026_VTT_-Malville-212x300.jpg\" alt=\"\" width=\"80\" height=\"160\" class=\"alignnone size-medium wp-image-4007\" \/><\/a><\/td>\n<\/tr>\n<tr class=\"row-15\">\n\t<td colspan=\"3\" class=\"column-1\">VTT : 15\/35\/45\/55 km<\/td>\n<\/tr>\n<tr class=\"row-16\">\n\t<td class=\"column-1\"><H4>Dimanche 12 avril<\/H4><\/td><td class=\"column-2\"><strong>Treilli\u00e8res &#8211; 44<\/strong><br\/><small>distance : 23 km, 20mn<\/small><\/td><td class=\"column-3\"><a href=\"https:\/\/www.nafix.fr\/sortie\/fiche-38-me-randonn-e-du-gesvres-91537-1.html\">Randonn\u00e9e du Gesvres<\/a><\/td><td rowspan=\"2\" class=\"column-4\"><\/td>\n<\/tr>\n<tr class=\"row-17\">\n\t<td colspan=\"3\" class=\"column-1\">VTT : circuit de 15 (familial), 32, 39 et 51 km<br\/>Inscription : 5\u20ac (licenci\u00e9)<\/td>\n<\/tr>\n<tr class=\"row-18\">\n\t<td class=\"column-1\"><H4>Dimanche 19 avril<\/H4><\/td><td class=\"column-2\"><strong>La Chapelle sur Erdre &#8211; 44<\/strong><br\/><small>distance : 16 km, 20mn<\/small><\/td><td class=\"column-3\"><a href=\"https:\/\/www.nafix.fr\/sortie\/fiche-les-boucles-de-l-erdre-89880-1.html\">Les boucles de l&rsquo;Erdre<\/a><\/td><td rowspan=\"2\" class=\"column-4\"><a href=\"https:\/\/cvl.ovh\/wp-content\/uploads\/2026\/02\/2026_VTT_-La-Chapelle-198x300.jpg\" target=\"_blank\"><img loading=\"lazy\" decoding=\"async\" src=\"https:\/\/cvl.ovh\/wp-content\/uploads\/2026\/02\/2026_VTT_-La-Chapelle-198x300.jpg\" alt=\"\" width=\"80\" height=\"160\" class=\"alignnone size-medium wp-image-4013\" \/><\/a><\/td>\n<\/tr>\n<tr class=\"row-19\">\n\t<td colspan=\"3\" class=\"column-1\">VTT : 25\/40\/50 km<br\/>Rdv gymnase de la Coutanci\u00e8re<br\/>Inscription : 4\u20ac (licenci\u00e9)<\/td>\n<\/tr>\n<tr class=\"row-20\">\n\t<td class=\"column-1\"><H4>Dimanche 26 avril<\/H4><\/td><td class=\"column-2\"><strong>Orvault (rando club)<\/strong><\/td><td class=\"column-3\"><br\/><\/td><td rowspan=\"2\" class=\"column-4\"><a href=\"https:\/\/cvl.ovh\/wp-content\/uploads\/2017\/09\/maillot20vtt201-300x142.gif\" target=\"_blank\"><img loading=\"lazy\" decoding=\"async\" src=\"https:\/\/cvl.ovh\/wp-content\/uploads\/2017\/09\/maillot20vtt201-300x142.gif\" alt=\"\" width=\"80\" height=\"160\" class=\"alignnone size-medium wp-image-433\" \/><\/a><\/td>\n<\/tr>\n<tr class=\"row-21\">\n\t<td colspan=\"3\" class=\"column-1\">Dernier entra\u00eenement avant le Rock d&rsquo;Ardenne<\/td>\n<\/tr>\n<\/tbody>\n<\/table>\n<!-- #tablepress-10 from cache -->\n\n\n<p><\/p>\n","protected":false},"excerpt":{"rendered":"<p>T\u00e9l\u00e9charger le calendrier 2026<\/p>\n","protected":false},"author":1357,"featured_media":0,"parent":0,"menu_order":0,"comment_status":"closed","ping_status":"closed","template":"","meta":{"_bbp_topic_count":0,"_bbp_reply_count":0,"_bbp_total_topic_count":0,"_bbp_total_reply_count":0,"_bbp_voice_count":0,"_bbp_anonymous_reply_count":0,"_bbp_topic_count_hidden":0,"_bbp_reply_count_hidden":0,"_bbp_forum_subforum_count":0,"footnotes":""},"class_list":["post-3925","page","type-page","status-publish","hentry"],"_links":{"self":[{"href":"https:\/\/cvl.ovh\/index.php\/wp-json\/wp\/v2\/pages\/3925","targetHints":{"allow":["GET"]}}],"collection":[{"href":"https:\/\/cvl.ovh\/index.php\/wp-json\/wp\/v2\/pages"}],"about":[{"href":"https:\/\/cvl.ovh\/index.php\/wp-json\/wp\/v2\/types\/page"}],"author":[{"embeddable":true,"href":"https:\/\/cvl.ovh\/index.php\/wp-json\/wp\/v2\/users\/1357"}],"replies":[{"embeddable":true,"href":"https:\/\/cvl.ovh\/index.php\/wp-json\/wp\/v2\/comments?post=3925"}],"version-history":[{"count":26,"href":"https:\/\/cvl.ovh\/index.php\/wp-json\/wp\/v2\/pages\/3925\/revisions"}],"predecessor-version":[{"id":4074,"href":"https:\/\/cvl.ovh\/index.php\/wp-json\/wp\/v2\/pages\/3925\/revisions\/4074"}],"wp:attachment":[{"href":"https:\/\/cvl.ovh\/index.php\/wp-json\/wp\/v2\/media?parent=3925"}],"curies":[{"name":"wp","href":"https:\/\/api.w.org\/{rel}","templated":true}]}}