{"id":380,"date":"2017-09-04T15:15:00","date_gmt":"2017-09-04T13:15:00","guid":{"rendered":"https:\/\/cvl2017.wordpress.com\/?page_id=380"},"modified":"2020-01-11T09:11:15","modified_gmt":"2020-01-11T08:11:15","slug":"section-cyclo","status":"publish","type":"page","link":"https:\/\/cvl.ovh\/index.php\/section-cyclo\/","title":{"rendered":"cyclo"},"content":{"rendered":"<p align=\"justify\">La section Cyclo<\/p>\n<p class=\"Style18\" align=\"justify\">C&rsquo;est avant tout la convialit\u00e9 des sorties du dimanche matin, du mercredi apr\u00e8s midi, et se retrouver entre copains passionn\u00e9s de v\u00e9lo<\/p>\n<p class=\"Style18\" align=\"justify\">Quelle que soit votre mani\u00e8re de rouler, la section cyclo du CVL (plus de 60 licenci\u00e9s dont une dizaine de femmes) a s\u00fbrement dans un de ses quatre groupes celui qui conviendra le mieux \u00e0 votre pratique<\/p>\n<p class=\"Style18\" align=\"justify\">Vous d\u00e9couvrirez les nombreuses et pittoresques routes de la r\u00e9gion, sur des circuits de 30 \u00e0 120 km<\/p>\n<p class=\"Style18\" align=\"justify\">Nous participons \u00e9galement \u00e0 de nombreuses randonn\u00e9es et brevets propos\u00e9s par des clubs voisins<\/p>\n<p class=\"Style18\" align=\"justify\">Nous organisons aussi des sorties \u00e0 la journ\u00e9e ou pour le week end<\/p>\n<p class=\"Style18\" align=\"justify\">Avant de vous inscrire, nous serons heureux de vous accueillir parmi nous pour une \u00e0 trois sorties d&rsquo;essai<\/p>\n<p class=\"Style18\" align=\"center\"><span class=\"Style17\">Vous aimez une activit\u00e9 de plein air et rouler pour le plaisir ? Alors venez nous rejoindre et partager votre passion \u00e0 100% <\/span><\/p>\n<p class=\"Style18\" align=\"center\"><span class=\"Style17\">A bient\u00f4t parmi nous ! <\/span><\/p>\n","protected":false},"excerpt":{"rendered":"<p>La section Cyclo C&rsquo;est avant tout la convialit\u00e9 des sorties du dimanche matin, du mercredi apr\u00e8s midi, et se retrouver entre copains passionn\u00e9s de v\u00e9lo Quelle que soit votre mani\u00e8re de rouler, la section cyclo du CVL (plus de 60 licenci\u00e9s dont une dizaine de femmes) a s\u00fbrement dans un de ses quatre groupes celui &hellip; <a href=\"https:\/\/cvl.ovh\/index.php\/section-cyclo\/\" class=\"more-link\">Continuer de lire <span class=\"screen-reader-text\">cyclo<\/span><\/a><\/p>\n","protected":false},"author":1,"featured_media":0,"parent":0,"menu_order":0,"comment_status":"closed","ping_status":"closed","template":"","meta":{"_bbp_topic_count":0,"_bbp_reply_count":0,"_bbp_total_topic_count":0,"_bbp_total_reply_count":0,"_bbp_voice_count":0,"_bbp_anonymous_reply_count":0,"_bbp_topic_count_hidden":0,"_bbp_reply_count_hidden":0,"_bbp_forum_subforum_count":0,"footnotes":""},"class_list":["post-380","page","type-page","status-publish","hentry"],"_links":{"self":[{"href":"https:\/\/cvl.ovh\/index.php\/wp-json\/wp\/v2\/pages\/380","targetHints":{"allow":["GET"]}}],"collection":[{"href":"https:\/\/cvl.ovh\/index.php\/wp-json\/wp\/v2\/pages"}],"about":[{"href":"https:\/\/cvl.ovh\/index.php\/wp-json\/wp\/v2\/types\/page"}],"author":[{"embeddable":true,"href":"https:\/\/cvl.ovh\/index.php\/wp-json\/wp\/v2\/users\/1"}],"replies":[{"embeddable":true,"href":"https:\/\/cvl.ovh\/index.php\/wp-json\/wp\/v2\/comments?post=380"}],"version-history":[{"count":2,"href":"https:\/\/cvl.ovh\/index.php\/wp-json\/wp\/v2\/pages\/380\/revisions"}],"predecessor-version":[{"id":1889,"href":"https:\/\/cvl.ovh\/index.php\/wp-json\/wp\/v2\/pages\/380\/revisions\/1889"}],"wp:attachment":[{"href":"https:\/\/cvl.ovh\/index.php\/wp-json\/wp\/v2\/media?parent=380"}],"curies":[{"name":"wp","href":"https:\/\/api.w.org\/{rel}","templated":true}]}}