{"id":370,"date":"2017-09-04T15:07:42","date_gmt":"2017-09-04T13:07:42","guid":{"rendered":"https:\/\/cvl2017.wordpress.com\/?page_id=370"},"modified":"2020-01-11T09:10:17","modified_gmt":"2020-01-11T08:10:17","slug":"section-vtt","status":"publish","type":"page","link":"https:\/\/cvl.ovh\/index.php\/section-vtt\/","title":{"rendered":"VTT"},"content":{"rendered":"<p>Section VTT : Thierry PIOT Tel : 06 95 47 66 93 Email : <a href=\"mailto:t.piot@free.fr\">t.piot@free.fr<\/a><br \/>\nSe licencier au Cyclo VTT Luc\u00e9en, c&rsquo;est :<br \/>\n<img loading=\"lazy\" decoding=\"async\" src=\"http:\/\/cyclo-vtt-sainte-luce.ffct.org\/section%20vtt\/vtt%20cvl.jpg\" alt=\"groupe vtt\" width=\"223\" height=\"140\" \/>\u00a0 <img loading=\"lazy\" decoding=\"async\" src=\"http:\/\/cyclo-vtt-sainte-luce.ffct.org\/section%20vtt\/logo%20fvtt.gif\" alt=\"logo vtt\" width=\"186\" height=\"146\" \/><\/p>\n<ul>\n<li>pouvoir rouler en convivialit\u00e9 avec un groupe de votre niveau, profiter des randonn\u00e9es organis\u00e9es par le club ou les clubs voisins, partir \u00e0 la journ\u00e9e, participer aux weekends cyclod\u00e9couverte&#8230;.<\/li>\n<li>Une cotisation \u00e0 partir de 55\u20ac selon l\u2019assurance choisie, pour profiter aussi des r\u00e9ductions sur toutes les sorties organis\u00e9es par les clubs FFCT.<\/li>\n<li>sans contraintes, \u00e0 votre rythme, selon vos disponibilit\u00e9s<\/li>\n<\/ul>\n<p class=\"Style16\"><em>Venez nous rejoindre ! <\/em><\/p>\n","protected":false},"excerpt":{"rendered":"<p>Section VTT : Thierry PIOT Tel : 06 95 47 66 93 Email : t.piot@free.fr Se licencier au Cyclo VTT Luc\u00e9en, c&rsquo;est : \u00a0 pouvoir rouler en convivialit\u00e9 avec un groupe de votre niveau, profiter des randonn\u00e9es organis\u00e9es par le club ou les clubs voisins, partir \u00e0 la journ\u00e9e, participer aux weekends cyclod\u00e9couverte&#8230;. Une cotisation &hellip; <a href=\"https:\/\/cvl.ovh\/index.php\/section-vtt\/\" class=\"more-link\">Continuer de lire <span class=\"screen-reader-text\">VTT<\/span><\/a><\/p>\n","protected":false},"author":1,"featured_media":0,"parent":0,"menu_order":0,"comment_status":"closed","ping_status":"closed","template":"","meta":{"_bbp_topic_count":0,"_bbp_reply_count":0,"_bbp_total_topic_count":0,"_bbp_total_reply_count":0,"_bbp_voice_count":0,"_bbp_anonymous_reply_count":0,"_bbp_topic_count_hidden":0,"_bbp_reply_count_hidden":0,"_bbp_forum_subforum_count":0,"footnotes":""},"class_list":["post-370","page","type-page","status-publish","hentry"],"_links":{"self":[{"href":"https:\/\/cvl.ovh\/index.php\/wp-json\/wp\/v2\/pages\/370","targetHints":{"allow":["GET"]}}],"collection":[{"href":"https:\/\/cvl.ovh\/index.php\/wp-json\/wp\/v2\/pages"}],"about":[{"href":"https:\/\/cvl.ovh\/index.php\/wp-json\/wp\/v2\/types\/page"}],"author":[{"embeddable":true,"href":"https:\/\/cvl.ovh\/index.php\/wp-json\/wp\/v2\/users\/1"}],"replies":[{"embeddable":true,"href":"https:\/\/cvl.ovh\/index.php\/wp-json\/wp\/v2\/comments?post=370"}],"version-history":[{"count":2,"href":"https:\/\/cvl.ovh\/index.php\/wp-json\/wp\/v2\/pages\/370\/revisions"}],"predecessor-version":[{"id":1888,"href":"https:\/\/cvl.ovh\/index.php\/wp-json\/wp\/v2\/pages\/370\/revisions\/1888"}],"wp:attachment":[{"href":"https:\/\/cvl.ovh\/index.php\/wp-json\/wp\/v2\/media?parent=370"}],"curies":[{"name":"wp","href":"https:\/\/api.w.org\/{rel}","templated":true}]}}