{"id":364,"date":"2017-09-04T15:02:38","date_gmt":"2017-09-04T14:02:38","guid":{"rendered":"https:\/\/cvl2017.wordpress.com\/?page_id=364"},"modified":"2026-03-10T17:56:11","modified_gmt":"2026-03-10T16:56:11","slug":"vetements","status":"publish","type":"page","link":"https:\/\/cvl.ovh\/index.php\/infos-pratiques\/vetements\/","title":{"rendered":"v\u00eatements"},"content":{"rendered":"<table style=\"height: 1154px;\" border=\"0\" width=\"1043\">\n<tbody>\n<tr>\n<th colspan=\"4\" scope=\"row\" height=\"105\">\n<p class=\"Style7\" align=\"center\">V\u00eatements Cyclo et VTT<\/p>\n<p class=\"Style10\" align=\"justify\">Les tenues cyclistes, tant VTT que Cyclo, ont d\u00fb \u00eatre command\u00e9es en nombre minimum au fabricant compte tenu de leur personnalisation.<\/p>\n<p class=\"Style10\" align=\"justify\">Une fois les livraisons effectu\u00e9es aux adh\u00e9rents, il reste donc un stock disponible, n&rsquo;h\u00e9sitez pas \u00e0 nous en demander si vous avez \u00ab\u00a0loup\u00e9\u00a0\u00bb la pr\u00e9c\u00e9dente commande, si ceux que vous portez arrivent en fin de vie&#8230;.<\/p>\n<p class=\"Style10\" align=\"justify\">Le tableau suivant recense les types, tailles et quantit\u00e9s disponibles :<\/p>\n<p class=\"Style16\" align=\"justify\">NB1 : le club prend en charge (20%) une partie du co\u00fbt jusqu&rsquo;\u00e0 \u00e9puisement du stock<\/p>\n<p class=\"Style16\" align=\"justify\">NB2 : il reste quelques pi\u00e8ces de l&rsquo;ancienne collection, vendues moiti\u00e9 prix, contacter B M\u00e9zi\u00e8re<\/p>\n<\/th>\n<\/tr>\n<tr>\n<th colspan=\"4\" scope=\"row\" align=\"center\" valign=\"middle\" bgcolor=\"#99FF99\" height=\"50\">\n<div align=\"center\"><span class=\"Style13\">V\u00eatements Cyclo NORET<\/span> (tarif incluant la ristourne jusqu&rsquo;\u00e0 \u00e9puisement du stock)<\/div>\n<\/th>\n<\/tr>\n<tr>\n<th scope=\"row\" bgcolor=\"#CCFFFF\" width=\"262\" height=\"58\"><strong>Maillots \u00e9t\u00e9 manches courtes<\/strong><br \/>\n<strong>35\u20ac, <\/strong><strong>40\u20ac collection 2025<\/strong><\/th>\n<td bgcolor=\"#CCFFFF\" width=\"236\">\n<div align=\"center\">\n<p align=\"center\"><strong>Maillots manches longues<\/strong><\/p>\n<p align=\"center\"><strong>et gilets Windstopper<\/strong><\/p>\n<p><strong>40\u20ac<\/strong><\/p>\n<p><strong>45\u20ac collection 2025<\/strong><\/p>\n<\/div>\n<\/td>\n<td bgcolor=\"#CCFFFF\" width=\"262\">\n<div align=\"center\"><strong>Blousons hiver Windtex<\/strong><\/div>\n<div align=\"center\"><\/div>\n<div align=\"center\"><strong>65\u20ac<\/strong><\/div>\n<div align=\"center\"><strong>75\u20ac collection 2025<\/strong><\/div>\n<div align=\"center\"><\/div>\n<\/td>\n<td bgcolor=\"#CCFFFF\" width=\"264\">\n<div align=\"center\"><strong>Blousons mi-saison<\/strong><br \/>\n<strong>60\u20ac<\/strong><\/div>\n<\/td>\n<\/tr>\n<tr>\n<th scope=\"row\" bgcolor=\"#CCFFFF\"><strong>1 T3, 4 T4<\/strong><\/p>\n<p><strong>2025 :\u00a0<\/strong>2XL, 2XXL<\/th>\n<td bgcolor=\"#CCFFFF\">\n<div align=\"center\"><strong>1 T3, 4 T4<\/strong><\/div>\n<div align=\"center\"><strong>2025 : 2XL, 2XXL<\/strong><\/div>\n<div align=\"center\"><\/div>\n<div align=\"center\"><strong>gilets 1 T3, 1 T4<\/strong><\/div>\n<\/td>\n<td style=\"text-align: center;\" bgcolor=\"#CCFFFF\"><strong>2025 : 2XL<\/strong><\/td>\n<td align=\"center\" bgcolor=\"#CCFFFF\"><strong>1 T5<\/strong><\/td>\n<\/tr>\n<tr>\n<th scope=\"row\" bgcolor=\"#CCFFFF\"><\/th>\n<td bgcolor=\"#CCFFFF\"><\/td>\n<td bgcolor=\"#CCFFFF\"><\/td>\n<td bgcolor=\"#CCFFFF\"><\/td>\n<\/tr>\n<tr>\n<th scope=\"row\" bgcolor=\"#99FF99\" height=\"55\">\n<div align=\"center\"><strong>Cuissards courts <\/strong><br \/>\n<strong>50\u20ac collection 2025<\/strong><\/div>\n<div align=\"center\"><strong>Noret : 45\u20ac<\/strong><\/div>\n<div align=\"center\"><strong>Sertao : 30 \u20ac \/ 25 \u20ac<\/strong><\/div>\n<\/th>\n<td bgcolor=\"#99FF99\">\n<div class=\"Style11\" align=\"center\"><strong>Corsaire<\/strong><br \/>\n<strong>75 \u20ac<\/strong><\/div>\n<\/td>\n<td bgcolor=\"#99FF99\">\n<div class=\"Style12\" align=\"center\"><strong>Collants<\/strong><br \/>\n<strong>Noret : 60\u20ac<\/strong><\/div>\n<div align=\"center\"><\/div>\n<\/td>\n<td bgcolor=\"#99FF99\"><\/td>\n<\/tr>\n<tr>\n<th scope=\"row\" bgcolor=\"#99FF99\">\n<div align=\"center\"><strong>2025 : 1 M, 1L, 1XL, 1XXL<\/strong><\/div>\n<div align=\"center\"><strong>Noret : 2T4, 1T5<\/strong><\/div>\n<div align=\"center\"><strong>Sertao : 3 T6<\/strong><\/div>\n<\/th>\n<td bgcolor=\"#99FF99\">\n<div align=\"center\"><strong>2025 : 2L<\/strong><\/div>\n<\/td>\n<td bgcolor=\"#99FF99\">\n<div align=\"center\"><strong>2025 : 2M, 1L, 1XL<\/strong><\/div>\n<\/td>\n<td bgcolor=\"#99FF99\"><\/td>\n<\/tr>\n<tr>\n<th scope=\"row\"><\/th>\n<td><\/td>\n<td><\/td>\n<td><\/td>\n<\/tr>\n<tr>\n<th colspan=\"4\" scope=\"row\" bgcolor=\"#CCFFFF\" height=\"42\"><span class=\"Style14\">VTT <\/span><\/p>\n<div align=\"center\"><\/div>\n<div align=\"center\"><\/div>\n<div align=\"center\"><\/div>\n<\/th>\n<\/tr>\n<tr>\n<th scope=\"row\" bgcolor=\"#CCFFFF\" height=\"30\">Maillots \u00e9t\u00e9 manches courtes<br \/>\n39,40\u20ac<\/th>\n<td bgcolor=\"#CCFFFF\">\n<div align=\"center\"><strong>Maillots hiver manches longues <\/strong><br \/>\n<strong>42,40\u20ac<\/strong><\/div>\n<\/td>\n<td bgcolor=\"#CCFFFF\">\u00a0<img loading=\"lazy\" decoding=\"async\" class=\"alignnone size-full wp-image-372\" src=\"https:\/\/cvl.ovh\/wp-content\/uploads\/2017\/09\/maillot20vtt202.gif\" alt=\"maillot20vtt202\" width=\"494\" height=\"236\" \/><\/td>\n<td bgcolor=\"#CCFFFF\">\u00a0<img loading=\"lazy\" decoding=\"async\" class=\"alignnone size-full wp-image-371\" src=\"https:\/\/cvl.ovh\/wp-content\/uploads\/2017\/09\/maillot20vtt201.gif\" alt=\"maillot20vtt201\" width=\"494\" height=\"234\" \/><\/td>\n<\/tr>\n<tr>\n<th scope=\"row\" bgcolor=\"#CCFFFF\" height=\"39\">\n<div align=\"center\"><strong>1T2, 6T3, 3T4, 1T4+ <\/strong><\/div>\n<\/th>\n<td bgcolor=\"#CCFFFF\">\n<div align=\"center\"><strong>4T2, 5T3, 4T4 <\/strong><\/div>\n<\/td>\n<td bgcolor=\"#CCFFFF\"><\/td>\n<\/tr>\n<\/tbody>\n<\/table>\n","protected":false},"excerpt":{"rendered":"<p>V\u00eatements Cyclo et VTT Les tenues cyclistes, tant VTT que Cyclo, ont d\u00fb \u00eatre command\u00e9es en nombre minimum au fabricant compte tenu de leur personnalisation. Une fois les livraisons effectu\u00e9es aux adh\u00e9rents, il reste donc un stock disponible, n&rsquo;h\u00e9sitez pas \u00e0 nous en demander si vous avez \u00ab\u00a0loup\u00e9\u00a0\u00bb la pr\u00e9c\u00e9dente commande, si ceux que vous &hellip; <a href=\"https:\/\/cvl.ovh\/index.php\/infos-pratiques\/vetements\/\" class=\"more-link\">Continuer de lire <span class=\"screen-reader-text\">v\u00eatements<\/span><\/a><\/p>\n","protected":false},"author":1,"featured_media":0,"parent":354,"menu_order":0,"comment_status":"closed","ping_status":"closed","template":"","meta":{"_bbp_topic_count":0,"_bbp_reply_count":0,"_bbp_total_topic_count":0,"_bbp_total_reply_count":0,"_bbp_voice_count":0,"_bbp_anonymous_reply_count":0,"_bbp_topic_count_hidden":0,"_bbp_reply_count_hidden":0,"_bbp_forum_subforum_count":0,"footnotes":""},"class_list":["post-364","page","type-page","status-publish","hentry"],"_links":{"self":[{"href":"https:\/\/cvl.ovh\/index.php\/wp-json\/wp\/v2\/pages\/364","targetHints":{"allow":["GET"]}}],"collection":[{"href":"https:\/\/cvl.ovh\/index.php\/wp-json\/wp\/v2\/pages"}],"about":[{"href":"https:\/\/cvl.ovh\/index.php\/wp-json\/wp\/v2\/types\/page"}],"author":[{"embeddable":true,"href":"https:\/\/cvl.ovh\/index.php\/wp-json\/wp\/v2\/users\/1"}],"replies":[{"embeddable":true,"href":"https:\/\/cvl.ovh\/index.php\/wp-json\/wp\/v2\/comments?post=364"}],"version-history":[{"count":25,"href":"https:\/\/cvl.ovh\/index.php\/wp-json\/wp\/v2\/pages\/364\/revisions"}],"predecessor-version":[{"id":4093,"href":"https:\/\/cvl.ovh\/index.php\/wp-json\/wp\/v2\/pages\/364\/revisions\/4093"}],"up":[{"embeddable":true,"href":"https:\/\/cvl.ovh\/index.php\/wp-json\/wp\/v2\/pages\/354"}],"wp:attachment":[{"href":"https:\/\/cvl.ovh\/index.php\/wp-json\/wp\/v2\/media?parent=364"}],"curies":[{"name":"wp","href":"https:\/\/api.w.org\/{rel}","templated":true}]}}