{"id":3625,"date":"2025-01-25T15:28:01","date_gmt":"2025-01-25T14:28:01","guid":{"rendered":"http:\/\/cvl.ovh\/?page_id=3625"},"modified":"2025-01-25T15:31:45","modified_gmt":"2025-01-25T14:31:45","slug":"amicale-des-cyclos-cardiaques","status":"publish","type":"page","link":"https:\/\/cvl.ovh\/index.php\/amicale-des-cyclos-cardiaques\/","title":{"rendered":"Amicale des Cyclos Cardiaques"},"content":{"rendered":"\n<p>Le CVL a sign\u00e9 une convention avec l&rsquo;amicale des cyclos cardiaques, association regroupant des cyclos ayant eu des soucis cardio et diffusant des conseils pour continuer \u00e0 pratiquer en s\u00e9curit\u00e9<\/p>\n\n\n\n<p class=\"has-text-align-center\">Voici <a href=\"https:\/\/www.cyclocardiaques.org\/\" target=\"_blank\" rel=\"noreferrer noopener\">le lien vers leur site<\/a> o\u00f9 vos trouvez entre autres leur revue \u00ab\u00a0c\u0153ur et v\u00e9lo\u00a0\u00bb<\/p>\n\n\n\n<figure class=\"wp-block-image size-large\"><img loading=\"lazy\" decoding=\"async\" width=\"711\" height=\"1024\" src=\"https:\/\/cvl.ovh\/wp-content\/uploads\/2025\/01\/image-711x1024.png\" alt=\"\" class=\"wp-image-3626\" srcset=\"https:\/\/cvl.ovh\/wp-content\/uploads\/2025\/01\/image-711x1024.png 711w, https:\/\/cvl.ovh\/wp-content\/uploads\/2025\/01\/image-208x300.png 208w, https:\/\/cvl.ovh\/wp-content\/uploads\/2025\/01\/image-768x1106.png 768w, https:\/\/cvl.ovh\/wp-content\/uploads\/2025\/01\/image-75x108.png 75w, https:\/\/cvl.ovh\/wp-content\/uploads\/2025\/01\/image.png 813w\" sizes=\"auto, (max-width: 711px) 100vw, 711px\" \/><\/figure>\n\n\n\n<p><\/p>\n","protected":false},"excerpt":{"rendered":"<p>Le CVL a sign\u00e9 une convention avec l&rsquo;amicale des cyclos cardiaques, association regroupant des cyclos ayant eu des soucis cardio et diffusant des conseils pour continuer \u00e0 pratiquer en s\u00e9curit\u00e9 Voici le lien vers leur site o\u00f9 vos trouvez entre autres leur revue \u00ab\u00a0c\u0153ur et v\u00e9lo\u00a0\u00bb<\/p>\n","protected":false},"author":3,"featured_media":0,"parent":0,"menu_order":0,"comment_status":"closed","ping_status":"closed","template":"","meta":{"_bbp_topic_count":0,"_bbp_reply_count":0,"_bbp_total_topic_count":0,"_bbp_total_reply_count":0,"_bbp_voice_count":0,"_bbp_anonymous_reply_count":0,"_bbp_topic_count_hidden":0,"_bbp_reply_count_hidden":0,"_bbp_forum_subforum_count":0,"footnotes":""},"class_list":["post-3625","page","type-page","status-publish","hentry"],"_links":{"self":[{"href":"https:\/\/cvl.ovh\/index.php\/wp-json\/wp\/v2\/pages\/3625","targetHints":{"allow":["GET"]}}],"collection":[{"href":"https:\/\/cvl.ovh\/index.php\/wp-json\/wp\/v2\/pages"}],"about":[{"href":"https:\/\/cvl.ovh\/index.php\/wp-json\/wp\/v2\/types\/page"}],"author":[{"embeddable":true,"href":"https:\/\/cvl.ovh\/index.php\/wp-json\/wp\/v2\/users\/3"}],"replies":[{"embeddable":true,"href":"https:\/\/cvl.ovh\/index.php\/wp-json\/wp\/v2\/comments?post=3625"}],"version-history":[{"count":1,"href":"https:\/\/cvl.ovh\/index.php\/wp-json\/wp\/v2\/pages\/3625\/revisions"}],"predecessor-version":[{"id":3627,"href":"https:\/\/cvl.ovh\/index.php\/wp-json\/wp\/v2\/pages\/3625\/revisions\/3627"}],"wp:attachment":[{"href":"https:\/\/cvl.ovh\/index.php\/wp-json\/wp\/v2\/media?parent=3625"}],"curies":[{"name":"wp","href":"https:\/\/api.w.org\/{rel}","templated":true}]}}