{"id":314,"date":"2017-09-04T14:04:12","date_gmt":"2017-09-04T13:04:12","guid":{"rendered":"https:\/\/cvl2017.wordpress.com\/?page_id=314"},"modified":"2018-11-23T16:19:36","modified_gmt":"2018-11-23T15:19:36","slug":"sante1","status":"publish","type":"page","link":"https:\/\/cvl.ovh\/index.php\/infos-pratiques\/sante1\/","title":{"rendered":"casque"},"content":{"rendered":"<blockquote><p><span class=\"bv\"><br \/>\n<em><strong><span style=\"color: #000000; font-size: large;\">Pourquoi risquer sa t\u00eate ?<\/span><\/strong><\/em><\/span><span style=\"color: #000000; font-size: large;\"><br \/>\n<\/span><span class=\"Style12\"><br \/>\n<span style=\"color: #006600;\">La pratique du v\u00e9lo n&rsquo;est pas sans risque, que ce soit sur route ou \u00e0 VTT. Il faut pr\u00e9venir les blessures \u00e0 la t\u00eate, qui est la partie du corps la plus vuln\u00e9rable. Une r\u00e9ponse s&rsquo;impose : le casque de cycliste.<br \/>\nDivers couvre-chefs sont associ\u00e9s \u00e0 des activit\u00e9s : un sombrero pour la sieste, un bonnet de bain pour la natation&#8230; et un casque pour faire du v\u00e9lo<\/span><\/span><span class=\"Style14\"><span style=\"color: #006600;\">.<\/span><\/span><span class=\"Style9\"><br \/>\n<\/span><br \/>\n<span class=\"bv\"><span style=\"font-size: large;\"><em><strong><span style=\"color: #000000;\">Quelques conseils utiles :<\/span><\/strong><\/em><\/span><\/span><strong><em><br \/>\n<\/em><\/strong><span class=\"Style10\"><br \/>\n<span style=\"color: #006600;\"><strong>Le casque doit bien \u00eatre adapt\u00e9. N&rsquo;h\u00e9sitez pas \u00e0 l&rsquo;essayer avant de l&rsquo;acheter. Votre confort futur en d\u00e9pend,<br \/>\n\u2022 De nombreux mod\u00e8les de casques existent \u00e9galement pour les juniors,<br \/>\n\u2022 Des casques de couleurs claires vous rendront visibles sous la pluie, par temps sombre ou d\u00e8s la tomb\u00e9e de la nuit,<br \/>\n\u2022 Privil\u00e9gier les casques rigides,<br \/>\n\u2022 Ayez toujours le casque attach\u00e9 lorsque vous circulez,<br \/>\n\u2022 Un casque de cycliste ne sera utilis\u00e9 qu&rsquo;\u00e0 v\u00e9lo.<\/strong><\/span><\/span><br \/>\nPour le cas o\u00f9 le pire serait survenu, un choc violent, il est important de remplacer le casque. La s\u00e9curit\u00e9 optimale est garantie par un casque en parfait \u00e9tat.<br \/>\n<span class=\"bv\"><strong><span style=\"color: #000000; font-size: large;\">Ne risquez pas votre t\u00eate : casquez-vous ! <\/span><\/strong><\/span><br \/>\n<span class=\"bv\"><br \/>\n<\/span><\/p><\/blockquote>\n","protected":false},"excerpt":{"rendered":"<p>Pourquoi risquer sa t\u00eate ? La pratique du v\u00e9lo n&rsquo;est pas sans risque, que ce soit sur route ou \u00e0 VTT. Il faut pr\u00e9venir les blessures \u00e0 la t\u00eate, qui est la partie du corps la plus vuln\u00e9rable. Une r\u00e9ponse s&rsquo;impose : le casque de cycliste. Divers couvre-chefs sont associ\u00e9s \u00e0 des activit\u00e9s : un &hellip; <a href=\"https:\/\/cvl.ovh\/index.php\/infos-pratiques\/sante1\/\" class=\"more-link\">Continuer de lire <span class=\"screen-reader-text\">casque<\/span><\/a><\/p>\n","protected":false},"author":1,"featured_media":0,"parent":354,"menu_order":0,"comment_status":"closed","ping_status":"closed","template":"","meta":{"_bbp_topic_count":0,"_bbp_reply_count":0,"_bbp_total_topic_count":0,"_bbp_total_reply_count":0,"_bbp_voice_count":0,"_bbp_anonymous_reply_count":0,"_bbp_topic_count_hidden":0,"_bbp_reply_count_hidden":0,"_bbp_forum_subforum_count":0,"footnotes":""},"class_list":["post-314","page","type-page","status-publish","hentry"],"_links":{"self":[{"href":"https:\/\/cvl.ovh\/index.php\/wp-json\/wp\/v2\/pages\/314","targetHints":{"allow":["GET"]}}],"collection":[{"href":"https:\/\/cvl.ovh\/index.php\/wp-json\/wp\/v2\/pages"}],"about":[{"href":"https:\/\/cvl.ovh\/index.php\/wp-json\/wp\/v2\/types\/page"}],"author":[{"embeddable":true,"href":"https:\/\/cvl.ovh\/index.php\/wp-json\/wp\/v2\/users\/1"}],"replies":[{"embeddable":true,"href":"https:\/\/cvl.ovh\/index.php\/wp-json\/wp\/v2\/comments?post=314"}],"version-history":[{"count":1,"href":"https:\/\/cvl.ovh\/index.php\/wp-json\/wp\/v2\/pages\/314\/revisions"}],"predecessor-version":[{"id":972,"href":"https:\/\/cvl.ovh\/index.php\/wp-json\/wp\/v2\/pages\/314\/revisions\/972"}],"up":[{"embeddable":true,"href":"https:\/\/cvl.ovh\/index.php\/wp-json\/wp\/v2\/pages\/354"}],"wp:attachment":[{"href":"https:\/\/cvl.ovh\/index.php\/wp-json\/wp\/v2\/media?parent=314"}],"curies":[{"name":"wp","href":"https:\/\/api.w.org\/{rel}","templated":true}]}}