{"id":306,"date":"2017-09-04T13:44:02","date_gmt":"2017-09-04T12:44:02","guid":{"rendered":"https:\/\/cvl2017.wordpress.com\/?page_id=306"},"modified":"2024-01-15T11:40:27","modified_gmt":"2024-01-15T10:40:27","slug":"securite","status":"publish","type":"page","link":"https:\/\/cvl.ovh\/index.php\/infos-pratiques\/securite\/","title":{"rendered":"s\u00e9curit\u00e9"},"content":{"rendered":"<p class=\"Style5\" align=\"center\">SECURITE<\/p>\n<blockquote>\n<p class=\"Style2\" align=\"left\">La s\u00e9curit\u00e9 est un aspect important de notre activit\u00e9 cyclotouriste, n&rsquo;h\u00e9sitez pas \u00e0 consulter vos pr\u00e9sident , secr\u00e9taire et correspondant s\u00e9curit\u00e9 pour tout \u00e9claircissement<\/p>\n<p class=\"Style2\" align=\"left\">Nous r\u00e9sumons ci apr\u00e8s (<a href=\"http:\/\/cyclo-vtt-sainte-luce.ffct.org\/Assurances\/REUNION_6_FEVRIER.pdf\" target=\"_blank\" rel=\"noopener\">voir CR r\u00e9union 6 f\u00e9v 2010<\/a> organis\u00e9e par le Codep 44) quelques points qui nous ont sembl\u00e9 importants \u00e0 souligner par leurs cons\u00e9quences aux plans responsabilit\u00e9 civile et juridique:<\/p>\n<p class=\"Style12\" align=\"left\">&#8211; La pratique cycliste (m\u00eame sportive) sous l&rsquo;\u00e9gide FFCT exclut toute notion de comp\u00e9tition et de mise en danger. Elle est donc soumise au respect du code de la route. Notons que <strong>la notion de \u00ab\u00a0groupe\u00a0\u00bb cycliste n&rsquo;y existe pas<\/strong>, et que chaque individu est soumis aux r\u00e8gles de base du code, par exemple \u00e0 un rond point une automobile peut \u00ab\u00a0couper\u00a0\u00bb le groupe, en cas de chute collective chaque cycliste est suppos\u00e9 (sauf faute manifeste telle que contact suite \u00e0 \u00e9cart&#8230;) avoir manqu\u00e9 de ma\u00eetrise de son v\u00e9hicule et sera donc couvert selon les options de son contrat d&rsquo;assurance<\/p>\n<p class=\"Style12\" align=\"left\">&#8211; notons que le code pr\u00e9cise qu&rsquo;\u00e0 partir de 10 personnes un ensemble de cyclistes peut \u00eatre suivi d&rsquo;une voiture d&rsquo;assistance (avec gyrophare orange), qu&rsquo;<strong>un groupe est limit\u00e9 \u00e0 20<\/strong> et qu&rsquo;au del\u00e0 de 20 il faut une autorisation pr\u00e9fectorale<\/p>\n<p class=\"Style12\" align=\"left\">&#8211; Lorsque nous organisons des randonn\u00e9es cyclo ou VTT, les parcours ne doivent pas mettre en danger les pratiquants, et l&rsquo;assurance souscrite par le club ne fonctionnerait pas si nous mettons en place des \u00ab\u00a0signaleurs\u00a0\u00bb, voire des panneaux tels que \u00ab\u00a0carrefour dangereux\u00a0\u00bb<\/p>\n<p class=\"Style12\" align=\"left\">&#8211; la pratique d&rsquo;un sport en tant que licenci\u00e9 d&rsquo;une f\u00e9d\u00e9ration \u00e9tant couverte par une assurance sp\u00e9cifique propos\u00e9e par celle ci, <strong>les assurances Responsabilit\u00e9 Civile chef de famille excluent g\u00e9n\u00e9ralement la pratique d&rsquo;un sport en tant que licenci\u00e9<\/strong>. D&rsquo;o\u00f9 l&rsquo;importance dans notre cas de choisir en connaissance de cause entre les formules mini, petit ou grand braquet apr\u00e8s avoir v\u00e9rifi\u00e9 les conditions de notre contrat RC chef de famille, afin de b\u00e9n\u00e9ficier de la garantie Responsabilit\u00e9 Civile (inclue dans les 3 formules), mais aussi rapatriement, dommages corporels, sans omettre en option les dommages au v\u00e9lo et accessoires<\/p>\n<\/blockquote>\n<p class=\"Style12\" align=\"center\">\n<blockquote>\n<p class=\"Style2\" align=\"left\">En cas d&rsquo;accident, nous vous conseillons de le d\u00e9clarer (dans un d\u00e9lai de 5 jours ouvrables) \u00e0 l&rsquo;assureur avec l&rsquo;aide de votre correspondant s\u00e9curit\u00e9, pr\u00e9sident ou secr\u00e9taire du club afin d&rsquo;\u00e9viter tout litige ult\u00e9rieur li\u00e9 \u00e0 une d\u00e9claration incompl\u00e8te ou mal r\u00e9dig\u00e9e<\/p>\n<p class=\"Style2\" align=\"left\">Faire cette d\u00e9claration prioritairement par internet directement sur le site FFCT, et en informer le CVL<\/p>\n<\/blockquote>\n","protected":false},"excerpt":{"rendered":"<p>SECURITE La s\u00e9curit\u00e9 est un aspect important de notre activit\u00e9 cyclotouriste, n&rsquo;h\u00e9sitez pas \u00e0 consulter vos pr\u00e9sident , secr\u00e9taire et correspondant s\u00e9curit\u00e9 pour tout \u00e9claircissement Nous r\u00e9sumons ci apr\u00e8s (voir CR r\u00e9union 6 f\u00e9v 2010 organis\u00e9e par le Codep 44) quelques points qui nous ont sembl\u00e9 importants \u00e0 souligner par leurs cons\u00e9quences aux plans responsabilit\u00e9 &hellip; <a href=\"https:\/\/cvl.ovh\/index.php\/infos-pratiques\/securite\/\" class=\"more-link\">Continuer de lire <span class=\"screen-reader-text\">s\u00e9curit\u00e9<\/span><\/a><\/p>\n","protected":false},"author":1,"featured_media":0,"parent":354,"menu_order":0,"comment_status":"closed","ping_status":"closed","template":"","meta":{"_bbp_topic_count":0,"_bbp_reply_count":0,"_bbp_total_topic_count":0,"_bbp_total_reply_count":0,"_bbp_voice_count":0,"_bbp_anonymous_reply_count":0,"_bbp_topic_count_hidden":0,"_bbp_reply_count_hidden":0,"_bbp_forum_subforum_count":0,"footnotes":""},"class_list":["post-306","page","type-page","status-publish","hentry"],"_links":{"self":[{"href":"https:\/\/cvl.ovh\/index.php\/wp-json\/wp\/v2\/pages\/306","targetHints":{"allow":["GET"]}}],"collection":[{"href":"https:\/\/cvl.ovh\/index.php\/wp-json\/wp\/v2\/pages"}],"about":[{"href":"https:\/\/cvl.ovh\/index.php\/wp-json\/wp\/v2\/types\/page"}],"author":[{"embeddable":true,"href":"https:\/\/cvl.ovh\/index.php\/wp-json\/wp\/v2\/users\/1"}],"replies":[{"embeddable":true,"href":"https:\/\/cvl.ovh\/index.php\/wp-json\/wp\/v2\/comments?post=306"}],"version-history":[{"count":3,"href":"https:\/\/cvl.ovh\/index.php\/wp-json\/wp\/v2\/pages\/306\/revisions"}],"predecessor-version":[{"id":3271,"href":"https:\/\/cvl.ovh\/index.php\/wp-json\/wp\/v2\/pages\/306\/revisions\/3271"}],"up":[{"embeddable":true,"href":"https:\/\/cvl.ovh\/index.php\/wp-json\/wp\/v2\/pages\/354"}],"wp:attachment":[{"href":"https:\/\/cvl.ovh\/index.php\/wp-json\/wp\/v2\/media?parent=306"}],"curies":[{"name":"wp","href":"https:\/\/api.w.org\/{rel}","templated":true}]}}